

{"id":102,"date":"2019-09-11T17:43:24","date_gmt":"2019-09-11T15:43:24","guid":{"rendered":"https:\/\/clubhipico.cl\/carreras\/?page_id=102"},"modified":"2022-02-14T09:59:32","modified_gmt":"2022-02-14T12:59:32","slug":"senal-en-vivo","status":"publish","type":"page","link":"https:\/\/www.clubhipico.cl\/carreras\/senal-en-vivo\/","title":{"rendered":"Se\u00f1al en Vivo"},"content":{"rendered":"","protected":false},"excerpt":{"rendered":"","protected":false},"author":1,"featured_media":0,"parent":0,"menu_order":0,"comment_status":"closed","ping_status":"closed","template":"carreras\/page-se\u00f1al-en-vivo.php","meta":{"_acf_changed":false,"footnotes":""},"class_list":["post-102","page","type-page","status-publish","hentry"],"acf":[],"yoast_head":"<!-- This site is optimized with the Yoast SEO Premium plugin v19.0.1 (Yoast SEO v26.6) - https:\/\/yoast.com\/wordpress\/plugins\/seo\/ -->\n<title>Se\u00f1al en Vivo - Club H\u00edpico de Santiago - Club H\u00edpico de Santiago<\/title>\n<meta name=\"description\" content=\"Las carreras de Club H\u00edpico en vivo para Chile y el Mundo a trav\u00e9s de nuestra p\u00e1gina web. Disfruta de la se\u00f1al en vivo desde donde est\u00e9s\" \/>\n<meta name=\"robots\" content=\"index, follow, max-snippet:-1, max-image-preview:large, max-video-preview:-1\" \/>\n<link rel=\"canonical\" href=\"https:\/\/www.clubhipico.cl\/carreras\/senal-en-vivo\/\" \/>\n<meta property=\"og:locale\" content=\"es_ES\" \/>\n<meta property=\"og:type\" content=\"article\" \/>\n<meta property=\"og:title\" content=\"Se\u00f1al en Vivo\" \/>\n<meta property=\"og:description\" content=\"Las carreras de Club H\u00edpico en vivo para Chile y el Mundo a trav\u00e9s de nuestra p\u00e1gina web. Disfruta de la se\u00f1al en vivo desde donde est\u00e9s\" \/>\n<meta property=\"og:url\" content=\"https:\/\/www.clubhipico.cl\/carreras\/senal-en-vivo\/\" \/>\n<meta property=\"og:site_name\" content=\"Club H\u00edpico de Santiago\" \/>\n<meta property=\"article:publisher\" content=\"https:\/\/www.facebook.com\/ClubHipicoSantiago\" \/>\n<meta property=\"article:modified_time\" content=\"2022-02-14T12:59:32+00:00\" \/>\n<meta name=\"twitter:card\" content=\"summary_large_image\" \/>\n<meta name=\"twitter:site\" content=\"@ClubHipico_Stgo\" \/>\n<script type=\"application\/ld+json\" class=\"yoast-schema-graph\">{\"@context\":\"https:\/\/schema.org\",\"@graph\":[{\"@type\":\"WebPage\",\"@id\":\"https:\/\/www.clubhipico.cl\/carreras\/senal-en-vivo\/\",\"url\":\"https:\/\/www.clubhipico.cl\/carreras\/senal-en-vivo\/\",\"name\":\"Se\u00f1al en Vivo - Club H\u00edpico de Santiago - Club H\u00edpico de Santiago\",\"isPartOf\":{\"@id\":\"https:\/\/www.clubhipico.cl\/carreras\/#website\"},\"datePublished\":\"2019-09-11T15:43:24+00:00\",\"dateModified\":\"2022-02-14T12:59:32+00:00\",\"description\":\"Las carreras de Club H\u00edpico en vivo para Chile y el Mundo a trav\u00e9s de nuestra p\u00e1gina web. Disfruta de la se\u00f1al en vivo desde donde est\u00e9s\",\"inLanguage\":\"es\",\"potentialAction\":[{\"@type\":\"ReadAction\",\"target\":[\"https:\/\/www.clubhipico.cl\/carreras\/senal-en-vivo\/\"]}]},{\"@type\":\"WebSite\",\"@id\":\"https:\/\/www.clubhipico.cl\/carreras\/#website\",\"url\":\"https:\/\/www.clubhipico.cl\/carreras\/\",\"name\":\"Club H\u00edpico de Santiago\",\"description\":\"Otro sitio m\u00e1s de CHS sitios\",\"publisher\":{\"@id\":\"https:\/\/www.clubhipico.cl\/carreras\/#organization\"},\"potentialAction\":[{\"@type\":\"SearchAction\",\"target\":{\"@type\":\"EntryPoint\",\"urlTemplate\":\"https:\/\/www.clubhipico.cl\/carreras\/?s={search_term_string}\"},\"query-input\":{\"@type\":\"PropertyValueSpecification\",\"valueRequired\":true,\"valueName\":\"search_term_string\"}}],\"inLanguage\":\"es\"},{\"@type\":\"Organization\",\"@id\":\"https:\/\/www.clubhipico.cl\/carreras\/#organization\",\"name\":\"Club Hipico de Santiago\",\"url\":\"https:\/\/www.clubhipico.cl\/carreras\/\",\"logo\":{\"@type\":\"ImageObject\",\"inLanguage\":\"es\",\"@id\":\"https:\/\/www.clubhipico.cl\/carreras\/#\/schema\/logo\/image\/\",\"url\":\"https:\/\/www.clubhipico.cl\/carreras\/wp-content\/uploads\/sites\/3\/2022\/08\/LOGO-VERTICAL-VERDE.jpg\",\"contentUrl\":\"https:\/\/www.clubhipico.cl\/carreras\/wp-content\/uploads\/sites\/3\/2022\/08\/LOGO-VERTICAL-VERDE.jpg\",\"width\":857,\"height\":597,\"caption\":\"Club Hipico de Santiago\"},\"image\":{\"@id\":\"https:\/\/www.clubhipico.cl\/carreras\/#\/schema\/logo\/image\/\"},\"sameAs\":[\"https:\/\/www.facebook.com\/ClubHipicoSantiago\",\"https:\/\/x.com\/ClubHipico_Stgo\",\"https:\/\/www.instagram.com\/clubhipico_stgo\/\",\"https:\/\/www.youtube.com\/user\/ClubHipicoSantiago\",\"https:\/\/www.linkedin.com\/company\/16160230\/admin\/\"]}]}<\/script>\n<!-- \/ Yoast SEO Premium plugin. -->","yoast_head_json":{"title":"Se\u00f1al en Vivo - Club H\u00edpico de Santiago - Club H\u00edpico de Santiago","description":"Las carreras de Club H\u00edpico en vivo para Chile y el Mundo a trav\u00e9s de nuestra p\u00e1gina web. Disfruta de la se\u00f1al en vivo desde donde est\u00e9s","robots":{"index":"index","follow":"follow","max-snippet":"max-snippet:-1","max-image-preview":"max-image-preview:large","max-video-preview":"max-video-preview:-1"},"canonical":"https:\/\/www.clubhipico.cl\/carreras\/senal-en-vivo\/","og_locale":"es_ES","og_type":"article","og_title":"Se\u00f1al en Vivo","og_description":"Las carreras de Club H\u00edpico en vivo para Chile y el Mundo a trav\u00e9s de nuestra p\u00e1gina web. Disfruta de la se\u00f1al en vivo desde donde est\u00e9s","og_url":"https:\/\/www.clubhipico.cl\/carreras\/senal-en-vivo\/","og_site_name":"Club H\u00edpico de Santiago","article_publisher":"https:\/\/www.facebook.com\/ClubHipicoSantiago","article_modified_time":"2022-02-14T12:59:32+00:00","twitter_card":"summary_large_image","twitter_site":"@ClubHipico_Stgo","schema":{"@context":"https:\/\/schema.org","@graph":[{"@type":"WebPage","@id":"https:\/\/www.clubhipico.cl\/carreras\/senal-en-vivo\/","url":"https:\/\/www.clubhipico.cl\/carreras\/senal-en-vivo\/","name":"Se\u00f1al en Vivo - Club H\u00edpico de Santiago - Club H\u00edpico de Santiago","isPartOf":{"@id":"https:\/\/www.clubhipico.cl\/carreras\/#website"},"datePublished":"2019-09-11T15:43:24+00:00","dateModified":"2022-02-14T12:59:32+00:00","description":"Las carreras de Club H\u00edpico en vivo para Chile y el Mundo a trav\u00e9s de nuestra p\u00e1gina web. Disfruta de la se\u00f1al en vivo desde donde est\u00e9s","inLanguage":"es","potentialAction":[{"@type":"ReadAction","target":["https:\/\/www.clubhipico.cl\/carreras\/senal-en-vivo\/"]}]},{"@type":"WebSite","@id":"https:\/\/www.clubhipico.cl\/carreras\/#website","url":"https:\/\/www.clubhipico.cl\/carreras\/","name":"Club H\u00edpico de Santiago","description":"Otro sitio m\u00e1s de CHS sitios","publisher":{"@id":"https:\/\/www.clubhipico.cl\/carreras\/#organization"},"potentialAction":[{"@type":"SearchAction","target":{"@type":"EntryPoint","urlTemplate":"https:\/\/www.clubhipico.cl\/carreras\/?s={search_term_string}"},"query-input":{"@type":"PropertyValueSpecification","valueRequired":true,"valueName":"search_term_string"}}],"inLanguage":"es"},{"@type":"Organization","@id":"https:\/\/www.clubhipico.cl\/carreras\/#organization","name":"Club Hipico de Santiago","url":"https:\/\/www.clubhipico.cl\/carreras\/","logo":{"@type":"ImageObject","inLanguage":"es","@id":"https:\/\/www.clubhipico.cl\/carreras\/#\/schema\/logo\/image\/","url":"https:\/\/www.clubhipico.cl\/carreras\/wp-content\/uploads\/sites\/3\/2022\/08\/LOGO-VERTICAL-VERDE.jpg","contentUrl":"https:\/\/www.clubhipico.cl\/carreras\/wp-content\/uploads\/sites\/3\/2022\/08\/LOGO-VERTICAL-VERDE.jpg","width":857,"height":597,"caption":"Club Hipico de Santiago"},"image":{"@id":"https:\/\/www.clubhipico.cl\/carreras\/#\/schema\/logo\/image\/"},"sameAs":["https:\/\/www.facebook.com\/ClubHipicoSantiago","https:\/\/x.com\/ClubHipico_Stgo","https:\/\/www.instagram.com\/clubhipico_stgo\/","https:\/\/www.youtube.com\/user\/ClubHipicoSantiago","https:\/\/www.linkedin.com\/company\/16160230\/admin\/"]}]}},"_links":{"self":[{"href":"https:\/\/www.clubhipico.cl\/carreras\/wp-json\/wp\/v2\/pages\/102","targetHints":{"allow":["GET"]}}],"collection":[{"href":"https:\/\/www.clubhipico.cl\/carreras\/wp-json\/wp\/v2\/pages"}],"about":[{"href":"https:\/\/www.clubhipico.cl\/carreras\/wp-json\/wp\/v2\/types\/page"}],"author":[{"embeddable":true,"href":"https:\/\/www.clubhipico.cl\/carreras\/wp-json\/wp\/v2\/users\/1"}],"replies":[{"embeddable":true,"href":"https:\/\/www.clubhipico.cl\/carreras\/wp-json\/wp\/v2\/comments?post=102"}],"version-history":[{"count":1,"href":"https:\/\/www.clubhipico.cl\/carreras\/wp-json\/wp\/v2\/pages\/102\/revisions"}],"predecessor-version":[{"id":15292,"href":"https:\/\/www.clubhipico.cl\/carreras\/wp-json\/wp\/v2\/pages\/102\/revisions\/15292"}],"wp:attachment":[{"href":"https:\/\/www.clubhipico.cl\/carreras\/wp-json\/wp\/v2\/media?parent=102"}],"curies":[{"name":"wp","href":"https:\/\/api.w.org\/{rel}","templated":true}]}}