

{"id":12,"date":"2019-07-23T20:45:14","date_gmt":"2019-07-23T18:45:14","guid":{"rendered":"https:\/\/clubhipico.cl\/carreras\/?page_id=12"},"modified":"2026-03-27T09:07:12","modified_gmt":"2026-03-27T12:07:12","slug":"calendario-de-temporada","status":"publish","type":"page","link":"https:\/\/www.clubhipico.cl\/carreras\/calendario-de-temporada\/","title":{"rendered":"Calendario de Temporada"},"content":{"rendered":"","protected":false},"excerpt":{"rendered":"","protected":false},"author":1,"featured_media":0,"parent":0,"menu_order":0,"comment_status":"closed","ping_status":"closed","template":"carreras\/page-calendario-carreras.php","meta":{"_acf_changed":false,"footnotes":""},"class_list":["post-12","page","type-page","status-publish","hentry"],"acf":[],"yoast_head":"<!-- This site is optimized with the Yoast SEO Premium plugin v19.0.1 (Yoast SEO v26.6) - https:\/\/yoast.com\/wordpress\/plugins\/seo\/ -->\n<title>Calendario de Temporada - Club H\u00edpico de Santiago - Club H\u00edpico de Santiago<\/title>\n<meta name=\"description\" content=\"Revisa el calendario de temporada de Club H\u00edpico, tabla de premios, resumen de cl\u00e1sicos y la programaci\u00f3n de las pruebas estelares\" \/>\n<meta name=\"robots\" content=\"index, follow, max-snippet:-1, max-image-preview:large, max-video-preview:-1\" \/>\n<link rel=\"canonical\" href=\"https:\/\/www.clubhipico.cl\/carreras\/calendario-de-temporada\/\" \/>\n<meta property=\"og:locale\" content=\"es_ES\" \/>\n<meta property=\"og:type\" content=\"article\" \/>\n<meta property=\"og:title\" content=\"Calendario de Temporada\" \/>\n<meta property=\"og:description\" content=\"Revisa toda la informaci\u00f3n de temporada de Club H\u00edpico\" \/>\n<meta property=\"og:url\" content=\"https:\/\/www.clubhipico.cl\/carreras\/calendario-de-temporada\/\" \/>\n<meta property=\"og:site_name\" content=\"Club H\u00edpico de Santiago\" \/>\n<meta property=\"article:publisher\" content=\"https:\/\/www.facebook.com\/ClubHipicoSantiago\" \/>\n<meta property=\"article:modified_time\" content=\"2026-03-27T12:07:12+00:00\" \/>\n<meta property=\"og:image\" content=\"https:\/\/static.clubhipico.cl\/wordpress-media\/sites\/3\/2021\/07\/Ensayo-1991-scaled.jpg\" \/>\n\t<meta property=\"og:image:width\" content=\"2048\" \/>\n\t<meta property=\"og:image:height\" content=\"1394\" \/>\n\t<meta property=\"og:image:type\" content=\"image\/jpeg\" \/>\n<meta name=\"twitter:card\" content=\"summary_large_image\" \/>\n<meta name=\"twitter:title\" content=\"Calendario de Temporada\" \/>\n<meta name=\"twitter:description\" content=\"Revisa toda la informaci\u00f3n de temporada de Club H\u00edpico\" \/>\n<meta name=\"twitter:image\" content=\"https:\/\/static.clubhipico.cl\/wordpress-media\/sites\/3\/2021\/07\/Ensayo-1991-scaled.jpg\" \/>\n<meta name=\"twitter:site\" content=\"@ClubHipico_Stgo\" \/>\n<script type=\"application\/ld+json\" class=\"yoast-schema-graph\">{\"@context\":\"https:\/\/schema.org\",\"@graph\":[{\"@type\":\"WebPage\",\"@id\":\"https:\/\/www.clubhipico.cl\/carreras\/calendario-de-temporada\/\",\"url\":\"https:\/\/www.clubhipico.cl\/carreras\/calendario-de-temporada\/\",\"name\":\"Calendario de Temporada - Club H\u00edpico de Santiago - Club H\u00edpico de Santiago\",\"isPartOf\":{\"@id\":\"https:\/\/www.clubhipico.cl\/carreras\/#website\"},\"datePublished\":\"2019-07-23T18:45:14+00:00\",\"dateModified\":\"2026-03-27T12:07:12+00:00\",\"description\":\"Revisa el calendario de temporada de Club H\u00edpico, tabla de premios, resumen de cl\u00e1sicos y la programaci\u00f3n de las pruebas estelares\",\"inLanguage\":\"es\",\"potentialAction\":[{\"@type\":\"ReadAction\",\"target\":[\"https:\/\/www.clubhipico.cl\/carreras\/calendario-de-temporada\/\"]}]},{\"@type\":\"WebSite\",\"@id\":\"https:\/\/www.clubhipico.cl\/carreras\/#website\",\"url\":\"https:\/\/www.clubhipico.cl\/carreras\/\",\"name\":\"Club H\u00edpico de Santiago\",\"description\":\"Otro sitio m\u00e1s de CHS sitios\",\"publisher\":{\"@id\":\"https:\/\/www.clubhipico.cl\/carreras\/#organization\"},\"potentialAction\":[{\"@type\":\"SearchAction\",\"target\":{\"@type\":\"EntryPoint\",\"urlTemplate\":\"https:\/\/www.clubhipico.cl\/carreras\/?s={search_term_string}\"},\"query-input\":{\"@type\":\"PropertyValueSpecification\",\"valueRequired\":true,\"valueName\":\"search_term_string\"}}],\"inLanguage\":\"es\"},{\"@type\":\"Organization\",\"@id\":\"https:\/\/www.clubhipico.cl\/carreras\/#organization\",\"name\":\"Club Hipico de Santiago\",\"url\":\"https:\/\/www.clubhipico.cl\/carreras\/\",\"logo\":{\"@type\":\"ImageObject\",\"inLanguage\":\"es\",\"@id\":\"https:\/\/www.clubhipico.cl\/carreras\/#\/schema\/logo\/image\/\",\"url\":\"https:\/\/www.clubhipico.cl\/carreras\/wp-content\/uploads\/sites\/3\/2022\/08\/LOGO-VERTICAL-VERDE.jpg\",\"contentUrl\":\"https:\/\/www.clubhipico.cl\/carreras\/wp-content\/uploads\/sites\/3\/2022\/08\/LOGO-VERTICAL-VERDE.jpg\",\"width\":857,\"height\":597,\"caption\":\"Club Hipico de Santiago\"},\"image\":{\"@id\":\"https:\/\/www.clubhipico.cl\/carreras\/#\/schema\/logo\/image\/\"},\"sameAs\":[\"https:\/\/www.facebook.com\/ClubHipicoSantiago\",\"https:\/\/x.com\/ClubHipico_Stgo\",\"https:\/\/www.instagram.com\/clubhipico_stgo\/\",\"https:\/\/www.youtube.com\/user\/ClubHipicoSantiago\",\"https:\/\/www.linkedin.com\/company\/16160230\/admin\/\"]}]}<\/script>\n<!-- \/ Yoast SEO Premium plugin. -->","yoast_head_json":{"title":"Calendario de Temporada - Club H\u00edpico de Santiago - Club H\u00edpico de Santiago","description":"Revisa el calendario de temporada de Club H\u00edpico, tabla de premios, resumen de cl\u00e1sicos y la programaci\u00f3n de las pruebas estelares","robots":{"index":"index","follow":"follow","max-snippet":"max-snippet:-1","max-image-preview":"max-image-preview:large","max-video-preview":"max-video-preview:-1"},"canonical":"https:\/\/www.clubhipico.cl\/carreras\/calendario-de-temporada\/","og_locale":"es_ES","og_type":"article","og_title":"Calendario de Temporada","og_description":"Revisa toda la informaci\u00f3n de temporada de Club H\u00edpico","og_url":"https:\/\/www.clubhipico.cl\/carreras\/calendario-de-temporada\/","og_site_name":"Club H\u00edpico de Santiago","article_publisher":"https:\/\/www.facebook.com\/ClubHipicoSantiago","article_modified_time":"2026-03-27T12:07:12+00:00","og_image":[{"width":2048,"height":1394,"url":"https:\/\/static.clubhipico.cl\/wordpress-media\/sites\/3\/2021\/07\/Ensayo-1991-scaled.jpg","type":"image\/jpeg"}],"twitter_card":"summary_large_image","twitter_title":"Calendario de Temporada","twitter_description":"Revisa toda la informaci\u00f3n de temporada de Club H\u00edpico","twitter_image":"https:\/\/static.clubhipico.cl\/wordpress-media\/sites\/3\/2021\/07\/Ensayo-1991-scaled.jpg","twitter_site":"@ClubHipico_Stgo","schema":{"@context":"https:\/\/schema.org","@graph":[{"@type":"WebPage","@id":"https:\/\/www.clubhipico.cl\/carreras\/calendario-de-temporada\/","url":"https:\/\/www.clubhipico.cl\/carreras\/calendario-de-temporada\/","name":"Calendario de Temporada - Club H\u00edpico de Santiago - Club H\u00edpico de Santiago","isPartOf":{"@id":"https:\/\/www.clubhipico.cl\/carreras\/#website"},"datePublished":"2019-07-23T18:45:14+00:00","dateModified":"2026-03-27T12:07:12+00:00","description":"Revisa el calendario de temporada de Club H\u00edpico, tabla de premios, resumen de cl\u00e1sicos y la programaci\u00f3n de las pruebas estelares","inLanguage":"es","potentialAction":[{"@type":"ReadAction","target":["https:\/\/www.clubhipico.cl\/carreras\/calendario-de-temporada\/"]}]},{"@type":"WebSite","@id":"https:\/\/www.clubhipico.cl\/carreras\/#website","url":"https:\/\/www.clubhipico.cl\/carreras\/","name":"Club H\u00edpico de Santiago","description":"Otro sitio m\u00e1s de CHS sitios","publisher":{"@id":"https:\/\/www.clubhipico.cl\/carreras\/#organization"},"potentialAction":[{"@type":"SearchAction","target":{"@type":"EntryPoint","urlTemplate":"https:\/\/www.clubhipico.cl\/carreras\/?s={search_term_string}"},"query-input":{"@type":"PropertyValueSpecification","valueRequired":true,"valueName":"search_term_string"}}],"inLanguage":"es"},{"@type":"Organization","@id":"https:\/\/www.clubhipico.cl\/carreras\/#organization","name":"Club Hipico de Santiago","url":"https:\/\/www.clubhipico.cl\/carreras\/","logo":{"@type":"ImageObject","inLanguage":"es","@id":"https:\/\/www.clubhipico.cl\/carreras\/#\/schema\/logo\/image\/","url":"https:\/\/www.clubhipico.cl\/carreras\/wp-content\/uploads\/sites\/3\/2022\/08\/LOGO-VERTICAL-VERDE.jpg","contentUrl":"https:\/\/www.clubhipico.cl\/carreras\/wp-content\/uploads\/sites\/3\/2022\/08\/LOGO-VERTICAL-VERDE.jpg","width":857,"height":597,"caption":"Club Hipico de Santiago"},"image":{"@id":"https:\/\/www.clubhipico.cl\/carreras\/#\/schema\/logo\/image\/"},"sameAs":["https:\/\/www.facebook.com\/ClubHipicoSantiago","https:\/\/x.com\/ClubHipico_Stgo","https:\/\/www.instagram.com\/clubhipico_stgo\/","https:\/\/www.youtube.com\/user\/ClubHipicoSantiago","https:\/\/www.linkedin.com\/company\/16160230\/admin\/"]}]}},"_links":{"self":[{"href":"https:\/\/www.clubhipico.cl\/carreras\/wp-json\/wp\/v2\/pages\/12","targetHints":{"allow":["GET"]}}],"collection":[{"href":"https:\/\/www.clubhipico.cl\/carreras\/wp-json\/wp\/v2\/pages"}],"about":[{"href":"https:\/\/www.clubhipico.cl\/carreras\/wp-json\/wp\/v2\/types\/page"}],"author":[{"embeddable":true,"href":"https:\/\/www.clubhipico.cl\/carreras\/wp-json\/wp\/v2\/users\/1"}],"replies":[{"embeddable":true,"href":"https:\/\/www.clubhipico.cl\/carreras\/wp-json\/wp\/v2\/comments?post=12"}],"version-history":[{"count":68,"href":"https:\/\/www.clubhipico.cl\/carreras\/wp-json\/wp\/v2\/pages\/12\/revisions"}],"predecessor-version":[{"id":26574,"href":"https:\/\/www.clubhipico.cl\/carreras\/wp-json\/wp\/v2\/pages\/12\/revisions\/26574"}],"wp:attachment":[{"href":"https:\/\/www.clubhipico.cl\/carreras\/wp-json\/wp\/v2\/media?parent=12"}],"curies":[{"name":"wp","href":"https:\/\/api.w.org\/{rel}","templated":true}]}}