

{"id":22129,"date":"2023-05-24T19:37:37","date_gmt":"2023-05-24T22:37:37","guid":{"rendered":"https:\/\/www.clubhipico.cl\/carreras\/?page_id=22129"},"modified":"2023-09-07T17:28:22","modified_gmt":"2023-09-07T20:28:22","slug":"programa-digital","status":"publish","type":"page","link":"https:\/\/www.clubhipico.cl\/carreras\/programa-digital\/","title":{"rendered":"Programa Digital"},"content":{"rendered":"","protected":false},"excerpt":{"rendered":"","protected":false},"author":1,"featured_media":0,"parent":0,"menu_order":0,"comment_status":"closed","ping_status":"closed","template":"carreras\/page-service-programa-digital.php","meta":{"_acf_changed":false,"footnotes":""},"class_list":["post-22129","page","type-page","status-publish","hentry"],"acf":[],"yoast_head":"<!-- This site is optimized with the Yoast SEO Premium plugin v19.0.1 (Yoast SEO v26.6) - https:\/\/yoast.com\/wordpress\/plugins\/seo\/ -->\n<title>Programa Digital - Club H\u00edpico de Santiago<\/title>\n<meta name=\"description\" content=\"Revisa el programa de Club H\u00edpico de Santiago. Todas las carreras y toda la h\u00edpica pera que juegues en el Club, en formato digital.\" \/>\n<meta name=\"robots\" content=\"index, follow, max-snippet:-1, max-image-preview:large, max-video-preview:-1\" \/>\n<link rel=\"canonical\" href=\"https:\/\/www.clubhipico.cl\/carreras\/programa-digital\/\" \/>\n<meta property=\"og:locale\" content=\"es_ES\" \/>\n<meta property=\"og:type\" content=\"article\" \/>\n<meta property=\"og:title\" content=\"Programa Digital\" \/>\n<meta property=\"og:description\" content=\"El programa del Club, m\u00e1s completo, m\u00e1s preciso y con m\u00e1s datos. Desc\u00e1rgalo ac\u00e1\" \/>\n<meta property=\"og:url\" content=\"https:\/\/www.clubhipico.cl\/carreras\/programa-digital\/\" \/>\n<meta property=\"og:site_name\" content=\"Club H\u00edpico de Santiago\" \/>\n<meta property=\"article:publisher\" content=\"https:\/\/www.facebook.com\/ClubHipicoSantiago\" \/>\n<meta property=\"article:modified_time\" content=\"2023-09-07T20:28:22+00:00\" \/>\n<meta property=\"og:image\" content=\"https:\/\/static.clubhipico.cl\/wordpress-media\/sites\/3\/2023\/05\/340x170.jpg\" \/>\n\t<meta property=\"og:image:width\" content=\"340\" \/>\n\t<meta property=\"og:image:height\" content=\"170\" \/>\n\t<meta property=\"og:image:type\" content=\"image\/jpeg\" \/>\n<meta name=\"twitter:card\" content=\"summary_large_image\" \/>\n<meta name=\"twitter:title\" content=\"Programa Digital\" \/>\n<meta name=\"twitter:description\" content=\"El programa del Club, m\u00e1s completo, m\u00e1s preciso y con m\u00e1s datos. Desc\u00e1rgalo ac\u00e1\" \/>\n<meta name=\"twitter:image\" content=\"https:\/\/static.clubhipico.cl\/wordpress-media\/sites\/3\/2023\/05\/340x170.jpg\" \/>\n<meta name=\"twitter:site\" content=\"@ClubHipico_Stgo\" \/>\n<script type=\"application\/ld+json\" class=\"yoast-schema-graph\">{\"@context\":\"https:\/\/schema.org\",\"@graph\":[{\"@type\":\"WebPage\",\"@id\":\"https:\/\/www.clubhipico.cl\/carreras\/programa-digital\/\",\"url\":\"https:\/\/www.clubhipico.cl\/carreras\/programa-digital\/\",\"name\":\"Programa Digital - Club H\u00edpico de Santiago\",\"isPartOf\":{\"@id\":\"https:\/\/www.clubhipico.cl\/carreras\/#website\"},\"datePublished\":\"2023-05-24T22:37:37+00:00\",\"dateModified\":\"2023-09-07T20:28:22+00:00\",\"description\":\"Revisa el programa de Club H\u00edpico de Santiago. Todas las carreras y toda la h\u00edpica pera que juegues en el Club, en formato digital.\",\"inLanguage\":\"es\",\"potentialAction\":[{\"@type\":\"ReadAction\",\"target\":[\"https:\/\/www.clubhipico.cl\/carreras\/programa-digital\/\"]}]},{\"@type\":\"WebSite\",\"@id\":\"https:\/\/www.clubhipico.cl\/carreras\/#website\",\"url\":\"https:\/\/www.clubhipico.cl\/carreras\/\",\"name\":\"Club H\u00edpico de Santiago\",\"description\":\"Otro sitio m\u00e1s de CHS sitios\",\"publisher\":{\"@id\":\"https:\/\/www.clubhipico.cl\/carreras\/#organization\"},\"potentialAction\":[{\"@type\":\"SearchAction\",\"target\":{\"@type\":\"EntryPoint\",\"urlTemplate\":\"https:\/\/www.clubhipico.cl\/carreras\/?s={search_term_string}\"},\"query-input\":{\"@type\":\"PropertyValueSpecification\",\"valueRequired\":true,\"valueName\":\"search_term_string\"}}],\"inLanguage\":\"es\"},{\"@type\":\"Organization\",\"@id\":\"https:\/\/www.clubhipico.cl\/carreras\/#organization\",\"name\":\"Club Hipico de Santiago\",\"url\":\"https:\/\/www.clubhipico.cl\/carreras\/\",\"logo\":{\"@type\":\"ImageObject\",\"inLanguage\":\"es\",\"@id\":\"https:\/\/www.clubhipico.cl\/carreras\/#\/schema\/logo\/image\/\",\"url\":\"https:\/\/www.clubhipico.cl\/carreras\/wp-content\/uploads\/sites\/3\/2022\/08\/LOGO-VERTICAL-VERDE.jpg\",\"contentUrl\":\"https:\/\/www.clubhipico.cl\/carreras\/wp-content\/uploads\/sites\/3\/2022\/08\/LOGO-VERTICAL-VERDE.jpg\",\"width\":857,\"height\":597,\"caption\":\"Club Hipico de Santiago\"},\"image\":{\"@id\":\"https:\/\/www.clubhipico.cl\/carreras\/#\/schema\/logo\/image\/\"},\"sameAs\":[\"https:\/\/www.facebook.com\/ClubHipicoSantiago\",\"https:\/\/x.com\/ClubHipico_Stgo\",\"https:\/\/www.instagram.com\/clubhipico_stgo\/\",\"https:\/\/www.youtube.com\/user\/ClubHipicoSantiago\",\"https:\/\/www.linkedin.com\/company\/16160230\/admin\/\"]}]}<\/script>\n<!-- \/ Yoast SEO Premium plugin. -->","yoast_head_json":{"title":"Programa Digital - Club H\u00edpico de Santiago","description":"Revisa el programa de Club H\u00edpico de Santiago. Todas las carreras y toda la h\u00edpica pera que juegues en el Club, en formato digital.","robots":{"index":"index","follow":"follow","max-snippet":"max-snippet:-1","max-image-preview":"max-image-preview:large","max-video-preview":"max-video-preview:-1"},"canonical":"https:\/\/www.clubhipico.cl\/carreras\/programa-digital\/","og_locale":"es_ES","og_type":"article","og_title":"Programa Digital","og_description":"El programa del Club, m\u00e1s completo, m\u00e1s preciso y con m\u00e1s datos. Desc\u00e1rgalo ac\u00e1","og_url":"https:\/\/www.clubhipico.cl\/carreras\/programa-digital\/","og_site_name":"Club H\u00edpico de Santiago","article_publisher":"https:\/\/www.facebook.com\/ClubHipicoSantiago","article_modified_time":"2023-09-07T20:28:22+00:00","og_image":[{"width":340,"height":170,"url":"https:\/\/static.clubhipico.cl\/wordpress-media\/sites\/3\/2023\/05\/340x170.jpg","type":"image\/jpeg"}],"twitter_card":"summary_large_image","twitter_title":"Programa Digital","twitter_description":"El programa del Club, m\u00e1s completo, m\u00e1s preciso y con m\u00e1s datos. Desc\u00e1rgalo ac\u00e1","twitter_image":"https:\/\/static.clubhipico.cl\/wordpress-media\/sites\/3\/2023\/05\/340x170.jpg","twitter_site":"@ClubHipico_Stgo","schema":{"@context":"https:\/\/schema.org","@graph":[{"@type":"WebPage","@id":"https:\/\/www.clubhipico.cl\/carreras\/programa-digital\/","url":"https:\/\/www.clubhipico.cl\/carreras\/programa-digital\/","name":"Programa Digital - Club H\u00edpico de Santiago","isPartOf":{"@id":"https:\/\/www.clubhipico.cl\/carreras\/#website"},"datePublished":"2023-05-24T22:37:37+00:00","dateModified":"2023-09-07T20:28:22+00:00","description":"Revisa el programa de Club H\u00edpico de Santiago. Todas las carreras y toda la h\u00edpica pera que juegues en el Club, en formato digital.","inLanguage":"es","potentialAction":[{"@type":"ReadAction","target":["https:\/\/www.clubhipico.cl\/carreras\/programa-digital\/"]}]},{"@type":"WebSite","@id":"https:\/\/www.clubhipico.cl\/carreras\/#website","url":"https:\/\/www.clubhipico.cl\/carreras\/","name":"Club H\u00edpico de Santiago","description":"Otro sitio m\u00e1s de CHS sitios","publisher":{"@id":"https:\/\/www.clubhipico.cl\/carreras\/#organization"},"potentialAction":[{"@type":"SearchAction","target":{"@type":"EntryPoint","urlTemplate":"https:\/\/www.clubhipico.cl\/carreras\/?s={search_term_string}"},"query-input":{"@type":"PropertyValueSpecification","valueRequired":true,"valueName":"search_term_string"}}],"inLanguage":"es"},{"@type":"Organization","@id":"https:\/\/www.clubhipico.cl\/carreras\/#organization","name":"Club Hipico de Santiago","url":"https:\/\/www.clubhipico.cl\/carreras\/","logo":{"@type":"ImageObject","inLanguage":"es","@id":"https:\/\/www.clubhipico.cl\/carreras\/#\/schema\/logo\/image\/","url":"https:\/\/www.clubhipico.cl\/carreras\/wp-content\/uploads\/sites\/3\/2022\/08\/LOGO-VERTICAL-VERDE.jpg","contentUrl":"https:\/\/www.clubhipico.cl\/carreras\/wp-content\/uploads\/sites\/3\/2022\/08\/LOGO-VERTICAL-VERDE.jpg","width":857,"height":597,"caption":"Club Hipico de Santiago"},"image":{"@id":"https:\/\/www.clubhipico.cl\/carreras\/#\/schema\/logo\/image\/"},"sameAs":["https:\/\/www.facebook.com\/ClubHipicoSantiago","https:\/\/x.com\/ClubHipico_Stgo","https:\/\/www.instagram.com\/clubhipico_stgo\/","https:\/\/www.youtube.com\/user\/ClubHipicoSantiago","https:\/\/www.linkedin.com\/company\/16160230\/admin\/"]}]}},"_links":{"self":[{"href":"https:\/\/www.clubhipico.cl\/carreras\/wp-json\/wp\/v2\/pages\/22129","targetHints":{"allow":["GET"]}}],"collection":[{"href":"https:\/\/www.clubhipico.cl\/carreras\/wp-json\/wp\/v2\/pages"}],"about":[{"href":"https:\/\/www.clubhipico.cl\/carreras\/wp-json\/wp\/v2\/types\/page"}],"author":[{"embeddable":true,"href":"https:\/\/www.clubhipico.cl\/carreras\/wp-json\/wp\/v2\/users\/1"}],"replies":[{"embeddable":true,"href":"https:\/\/www.clubhipico.cl\/carreras\/wp-json\/wp\/v2\/comments?post=22129"}],"version-history":[{"count":1,"href":"https:\/\/www.clubhipico.cl\/carreras\/wp-json\/wp\/v2\/pages\/22129\/revisions"}],"predecessor-version":[{"id":22130,"href":"https:\/\/www.clubhipico.cl\/carreras\/wp-json\/wp\/v2\/pages\/22129\/revisions\/22130"}],"wp:attachment":[{"href":"https:\/\/www.clubhipico.cl\/carreras\/wp-json\/wp\/v2\/media?parent=22129"}],"curies":[{"name":"wp","href":"https:\/\/api.w.org\/{rel}","templated":true}]}}