

{"id":140,"date":"2019-08-27T21:38:47","date_gmt":"2019-08-27T19:38:47","guid":{"rendered":"https:\/\/clubhipico.cl\/entretenimiento\/?page_id=140"},"modified":"2024-10-31T16:30:18","modified_gmt":"2024-10-31T15:30:18","slug":"donde-comer","status":"publish","type":"page","link":"https:\/\/www.clubhipico.cl\/entretenimiento\/donde-comer\/","title":{"rendered":"Donde Comer"},"content":{"rendered":"","protected":false},"excerpt":{"rendered":"","protected":false},"author":1,"featured_media":0,"parent":0,"menu_order":0,"comment_status":"closed","ping_status":"closed","template":"entretenimiento\/page-donde-comer.php","meta":{"_acf_changed":false,"footnotes":""},"class_list":["post-140","page","type-page","status-publish","hentry"],"acf":[],"yoast_head":"<!-- This site is optimized with the Yoast SEO Premium plugin v19.0.1 (Yoast SEO v26.6) - https:\/\/yoast.com\/wordpress\/plugins\/seo\/ -->\n<title>Donde Comer - Club H\u00edpico de Santiago - Club H\u00edpico de Santiago<\/title>\n<meta name=\"description\" content=\"\u00bfDonde Comer? Desde comida casera a gourmet, una gran variedad de s\u00e1ndwiches y platos t\u00edpicos criollos, todo eso encontrar\u00e1s en Club H\u00edpico\" \/>\n<meta name=\"robots\" content=\"index, follow, max-snippet:-1, max-image-preview:large, max-video-preview:-1\" \/>\n<link rel=\"canonical\" href=\"https:\/\/www.clubhipico.cl\/entretenimiento\/donde-comer\/\" \/>\n<meta property=\"og:locale\" content=\"es_ES\" \/>\n<meta property=\"og:type\" content=\"article\" \/>\n<meta property=\"og:title\" content=\"Donde Comer Club H\u00edpico de Santiago\" \/>\n<meta property=\"og:description\" content=\"\u00bfDonde Comer? Desde comida casera a gourmet, una gran variedad de s\u00e1ndwiches y platos t\u00edpicos criollos, todo eso encontrar\u00e1s en Club H\u00edpico\" \/>\n<meta property=\"og:url\" content=\"https:\/\/www.clubhipico.cl\/entretenimiento\/donde-comer\/\" \/>\n<meta property=\"og:site_name\" content=\"Club H\u00edpico de Santiago\" \/>\n<meta property=\"article:modified_time\" content=\"2024-10-31T15:30:18+00:00\" \/>\n<meta property=\"og:image\" content=\"https:\/\/www.clubhipico.cl\/entretenimiento\/wp-content\/uploads\/sites\/2\/2020\/06\/Vista-Socios-3\u00ba.jpg\" \/>\n\t<meta property=\"og:image:width\" content=\"1440\" \/>\n\t<meta property=\"og:image:height\" content=\"992\" \/>\n\t<meta property=\"og:image:type\" content=\"image\/jpeg\" \/>\n<meta name=\"twitter:card\" content=\"summary_large_image\" \/>\n<meta name=\"twitter:title\" content=\"Club H\u00edpico de Santiago Donde Comer\" \/>\n<meta name=\"twitter:image\" content=\"https:\/\/static.clubhipico.cl\/wordpress-media\/sites\/2\/2020\/06\/Vista-Socios-3%C2%BA.jpg\" \/>\n<script type=\"application\/ld+json\" class=\"yoast-schema-graph\">{\"@context\":\"https:\/\/schema.org\",\"@graph\":[{\"@type\":\"WebPage\",\"@id\":\"https:\/\/www.clubhipico.cl\/entretenimiento\/donde-comer\/\",\"url\":\"https:\/\/www.clubhipico.cl\/entretenimiento\/donde-comer\/\",\"name\":\"Donde Comer - Club H\u00edpico de Santiago - Club H\u00edpico de Santiago\",\"isPartOf\":{\"@id\":\"https:\/\/www.clubhipico.cl\/entretenimiento\/#website\"},\"datePublished\":\"2019-08-27T19:38:47+00:00\",\"dateModified\":\"2024-10-31T15:30:18+00:00\",\"description\":\"\u00bfDonde Comer? Desde comida casera a gourmet, una gran variedad de s\u00e1ndwiches y platos t\u00edpicos criollos, todo eso encontrar\u00e1s en Club H\u00edpico\",\"inLanguage\":\"es\",\"potentialAction\":[{\"@type\":\"ReadAction\",\"target\":[\"https:\/\/www.clubhipico.cl\/entretenimiento\/donde-comer\/\"]}]},{\"@type\":\"WebSite\",\"@id\":\"https:\/\/www.clubhipico.cl\/entretenimiento\/#website\",\"url\":\"https:\/\/www.clubhipico.cl\/entretenimiento\/\",\"name\":\"Club H\u00edpico de Santiago\",\"description\":\"Otro sitio m\u00e1s de CHS sitios\",\"potentialAction\":[{\"@type\":\"SearchAction\",\"target\":{\"@type\":\"EntryPoint\",\"urlTemplate\":\"https:\/\/www.clubhipico.cl\/entretenimiento\/?s={search_term_string}\"},\"query-input\":{\"@type\":\"PropertyValueSpecification\",\"valueRequired\":true,\"valueName\":\"search_term_string\"}}],\"inLanguage\":\"es\"}]}<\/script>\n<!-- \/ Yoast SEO Premium plugin. -->","yoast_head_json":{"title":"Donde Comer - Club H\u00edpico de Santiago - Club H\u00edpico de Santiago","description":"\u00bfDonde Comer? Desde comida casera a gourmet, una gran variedad de s\u00e1ndwiches y platos t\u00edpicos criollos, todo eso encontrar\u00e1s en Club H\u00edpico","robots":{"index":"index","follow":"follow","max-snippet":"max-snippet:-1","max-image-preview":"max-image-preview:large","max-video-preview":"max-video-preview:-1"},"canonical":"https:\/\/www.clubhipico.cl\/entretenimiento\/donde-comer\/","og_locale":"es_ES","og_type":"article","og_title":"Donde Comer Club H\u00edpico de Santiago","og_description":"\u00bfDonde Comer? Desde comida casera a gourmet, una gran variedad de s\u00e1ndwiches y platos t\u00edpicos criollos, todo eso encontrar\u00e1s en Club H\u00edpico","og_url":"https:\/\/www.clubhipico.cl\/entretenimiento\/donde-comer\/","og_site_name":"Club H\u00edpico de Santiago","article_modified_time":"2024-10-31T15:30:18+00:00","og_image":[{"width":1440,"height":992,"url":"https:\/\/www.clubhipico.cl\/entretenimiento\/wp-content\/uploads\/sites\/2\/2020\/06\/Vista-Socios-3\u00ba.jpg","type":"image\/jpeg"}],"twitter_card":"summary_large_image","twitter_title":"Club H\u00edpico de Santiago Donde Comer","twitter_image":"https:\/\/static.clubhipico.cl\/wordpress-media\/sites\/2\/2020\/06\/Vista-Socios-3%C2%BA.jpg","schema":{"@context":"https:\/\/schema.org","@graph":[{"@type":"WebPage","@id":"https:\/\/www.clubhipico.cl\/entretenimiento\/donde-comer\/","url":"https:\/\/www.clubhipico.cl\/entretenimiento\/donde-comer\/","name":"Donde Comer - Club H\u00edpico de Santiago - Club H\u00edpico de Santiago","isPartOf":{"@id":"https:\/\/www.clubhipico.cl\/entretenimiento\/#website"},"datePublished":"2019-08-27T19:38:47+00:00","dateModified":"2024-10-31T15:30:18+00:00","description":"\u00bfDonde Comer? Desde comida casera a gourmet, una gran variedad de s\u00e1ndwiches y platos t\u00edpicos criollos, todo eso encontrar\u00e1s en Club H\u00edpico","inLanguage":"es","potentialAction":[{"@type":"ReadAction","target":["https:\/\/www.clubhipico.cl\/entretenimiento\/donde-comer\/"]}]},{"@type":"WebSite","@id":"https:\/\/www.clubhipico.cl\/entretenimiento\/#website","url":"https:\/\/www.clubhipico.cl\/entretenimiento\/","name":"Club H\u00edpico de Santiago","description":"Otro sitio m\u00e1s de CHS sitios","potentialAction":[{"@type":"SearchAction","target":{"@type":"EntryPoint","urlTemplate":"https:\/\/www.clubhipico.cl\/entretenimiento\/?s={search_term_string}"},"query-input":{"@type":"PropertyValueSpecification","valueRequired":true,"valueName":"search_term_string"}}],"inLanguage":"es"}]}},"_links":{"self":[{"href":"https:\/\/www.clubhipico.cl\/entretenimiento\/wp-json\/wp\/v2\/pages\/140","targetHints":{"allow":["GET"]}}],"collection":[{"href":"https:\/\/www.clubhipico.cl\/entretenimiento\/wp-json\/wp\/v2\/pages"}],"about":[{"href":"https:\/\/www.clubhipico.cl\/entretenimiento\/wp-json\/wp\/v2\/types\/page"}],"author":[{"embeddable":true,"href":"https:\/\/www.clubhipico.cl\/entretenimiento\/wp-json\/wp\/v2\/users\/1"}],"replies":[{"embeddable":true,"href":"https:\/\/www.clubhipico.cl\/entretenimiento\/wp-json\/wp\/v2\/comments?post=140"}],"version-history":[{"count":2,"href":"https:\/\/www.clubhipico.cl\/entretenimiento\/wp-json\/wp\/v2\/pages\/140\/revisions"}],"predecessor-version":[{"id":932,"href":"https:\/\/www.clubhipico.cl\/entretenimiento\/wp-json\/wp\/v2\/pages\/140\/revisions\/932"}],"wp:attachment":[{"href":"https:\/\/www.clubhipico.cl\/entretenimiento\/wp-json\/wp\/v2\/media?parent=140"}],"curies":[{"name":"wp","href":"https:\/\/api.w.org\/{rel}","templated":true}]}}