

{"id":25,"date":"2019-07-23T21:36:13","date_gmt":"2019-07-23T19:36:13","guid":{"rendered":"https:\/\/clubhipico.cl\/entretenimiento\/?page_id=25"},"modified":"2024-12-04T01:05:14","modified_gmt":"2024-12-04T00:05:14","slug":"patrimonio-club-hipico-de-santiago","status":"publish","type":"page","link":"https:\/\/www.clubhipico.cl\/entretenimiento\/patrimonio-club-hipico-de-santiago\/","title":{"rendered":"Patrimonio"},"content":{"rendered":"","protected":false},"excerpt":{"rendered":"","protected":false},"author":1,"featured_media":0,"parent":0,"menu_order":0,"comment_status":"closed","ping_status":"closed","template":"entretenimiento\/page-patrimonio.php","meta":{"_acf_changed":false,"footnotes":""},"class_list":["post-25","page","type-page","status-publish","hentry"],"acf":[],"yoast_head":"<!-- This site is optimized with the Yoast SEO Premium plugin v19.0.1 (Yoast SEO v26.6) - https:\/\/yoast.com\/wordpress\/plugins\/seo\/ -->\n<title>Patrimonio - Club H\u00edpico de Santiago - Club H\u00edpico de Santiago<\/title>\n<meta name=\"description\" content=\"El patrimonio de Club H\u00edpico de Santiago est\u00e1 en todas partes. Su edificio y paisajismo son el habitat perfecto para el patrimonio vivo de la h\u00edpica\" \/>\n<meta name=\"robots\" content=\"index, follow, max-snippet:-1, max-image-preview:large, max-video-preview:-1\" \/>\n<link rel=\"canonical\" href=\"https:\/\/www.clubhipico.cl\/entretenimiento\/patrimonio-club-hipico-de-santiago\/\" \/>\n<meta property=\"og:locale\" content=\"es_ES\" \/>\n<meta property=\"og:type\" content=\"article\" \/>\n<meta property=\"og:title\" content=\"Patrimonio\" \/>\n<meta property=\"og:description\" content=\"El patrimonio de Club H\u00edpico de Santiago est\u00e1 en todas partes. Su edificio y paisajismo son el habitat perfecto para el patrimonio vivo de la h\u00edpica\" \/>\n<meta property=\"og:url\" content=\"https:\/\/www.clubhipico.cl\/entretenimiento\/patrimonio-club-hipico-de-santiago\/\" \/>\n<meta property=\"og:site_name\" content=\"Club H\u00edpico de Santiago\" \/>\n<meta property=\"article:modified_time\" content=\"2024-12-04T00:05:14+00:00\" \/>\n<meta name=\"twitter:card\" content=\"summary_large_image\" \/>\n<script type=\"application\/ld+json\" class=\"yoast-schema-graph\">{\"@context\":\"https:\/\/schema.org\",\"@graph\":[{\"@type\":\"WebPage\",\"@id\":\"https:\/\/www.clubhipico.cl\/entretenimiento\/patrimonio-club-hipico-de-santiago\/\",\"url\":\"https:\/\/www.clubhipico.cl\/entretenimiento\/patrimonio-club-hipico-de-santiago\/\",\"name\":\"Patrimonio - Club H\u00edpico de Santiago - Club H\u00edpico de Santiago\",\"isPartOf\":{\"@id\":\"https:\/\/www.clubhipico.cl\/entretenimiento\/#website\"},\"datePublished\":\"2019-07-23T19:36:13+00:00\",\"dateModified\":\"2024-12-04T00:05:14+00:00\",\"description\":\"El patrimonio de Club H\u00edpico de Santiago est\u00e1 en todas partes. Su edificio y paisajismo son el habitat perfecto para el patrimonio vivo de la h\u00edpica\",\"inLanguage\":\"es\",\"potentialAction\":[{\"@type\":\"ReadAction\",\"target\":[\"https:\/\/www.clubhipico.cl\/entretenimiento\/patrimonio-club-hipico-de-santiago\/\"]}]},{\"@type\":\"WebSite\",\"@id\":\"https:\/\/www.clubhipico.cl\/entretenimiento\/#website\",\"url\":\"https:\/\/www.clubhipico.cl\/entretenimiento\/\",\"name\":\"Club H\u00edpico de Santiago\",\"description\":\"Otro sitio m\u00e1s de CHS sitios\",\"potentialAction\":[{\"@type\":\"SearchAction\",\"target\":{\"@type\":\"EntryPoint\",\"urlTemplate\":\"https:\/\/www.clubhipico.cl\/entretenimiento\/?s={search_term_string}\"},\"query-input\":{\"@type\":\"PropertyValueSpecification\",\"valueRequired\":true,\"valueName\":\"search_term_string\"}}],\"inLanguage\":\"es\"}]}<\/script>\n<!-- \/ Yoast SEO Premium plugin. -->","yoast_head_json":{"title":"Patrimonio - Club H\u00edpico de Santiago - Club H\u00edpico de Santiago","description":"El patrimonio de Club H\u00edpico de Santiago est\u00e1 en todas partes. Su edificio y paisajismo son el habitat perfecto para el patrimonio vivo de la h\u00edpica","robots":{"index":"index","follow":"follow","max-snippet":"max-snippet:-1","max-image-preview":"max-image-preview:large","max-video-preview":"max-video-preview:-1"},"canonical":"https:\/\/www.clubhipico.cl\/entretenimiento\/patrimonio-club-hipico-de-santiago\/","og_locale":"es_ES","og_type":"article","og_title":"Patrimonio","og_description":"El patrimonio de Club H\u00edpico de Santiago est\u00e1 en todas partes. Su edificio y paisajismo son el habitat perfecto para el patrimonio vivo de la h\u00edpica","og_url":"https:\/\/www.clubhipico.cl\/entretenimiento\/patrimonio-club-hipico-de-santiago\/","og_site_name":"Club H\u00edpico de Santiago","article_modified_time":"2024-12-04T00:05:14+00:00","twitter_card":"summary_large_image","schema":{"@context":"https:\/\/schema.org","@graph":[{"@type":"WebPage","@id":"https:\/\/www.clubhipico.cl\/entretenimiento\/patrimonio-club-hipico-de-santiago\/","url":"https:\/\/www.clubhipico.cl\/entretenimiento\/patrimonio-club-hipico-de-santiago\/","name":"Patrimonio - Club H\u00edpico de Santiago - Club H\u00edpico de Santiago","isPartOf":{"@id":"https:\/\/www.clubhipico.cl\/entretenimiento\/#website"},"datePublished":"2019-07-23T19:36:13+00:00","dateModified":"2024-12-04T00:05:14+00:00","description":"El patrimonio de Club H\u00edpico de Santiago est\u00e1 en todas partes. Su edificio y paisajismo son el habitat perfecto para el patrimonio vivo de la h\u00edpica","inLanguage":"es","potentialAction":[{"@type":"ReadAction","target":["https:\/\/www.clubhipico.cl\/entretenimiento\/patrimonio-club-hipico-de-santiago\/"]}]},{"@type":"WebSite","@id":"https:\/\/www.clubhipico.cl\/entretenimiento\/#website","url":"https:\/\/www.clubhipico.cl\/entretenimiento\/","name":"Club H\u00edpico de Santiago","description":"Otro sitio m\u00e1s de CHS sitios","potentialAction":[{"@type":"SearchAction","target":{"@type":"EntryPoint","urlTemplate":"https:\/\/www.clubhipico.cl\/entretenimiento\/?s={search_term_string}"},"query-input":{"@type":"PropertyValueSpecification","valueRequired":true,"valueName":"search_term_string"}}],"inLanguage":"es"}]}},"_links":{"self":[{"href":"https:\/\/www.clubhipico.cl\/entretenimiento\/wp-json\/wp\/v2\/pages\/25","targetHints":{"allow":["GET"]}}],"collection":[{"href":"https:\/\/www.clubhipico.cl\/entretenimiento\/wp-json\/wp\/v2\/pages"}],"about":[{"href":"https:\/\/www.clubhipico.cl\/entretenimiento\/wp-json\/wp\/v2\/types\/page"}],"author":[{"embeddable":true,"href":"https:\/\/www.clubhipico.cl\/entretenimiento\/wp-json\/wp\/v2\/users\/1"}],"replies":[{"embeddable":true,"href":"https:\/\/www.clubhipico.cl\/entretenimiento\/wp-json\/wp\/v2\/comments?post=25"}],"version-history":[{"count":1,"href":"https:\/\/www.clubhipico.cl\/entretenimiento\/wp-json\/wp\/v2\/pages\/25\/revisions"}],"predecessor-version":[{"id":980,"href":"https:\/\/www.clubhipico.cl\/entretenimiento\/wp-json\/wp\/v2\/pages\/25\/revisions\/980"}],"wp:attachment":[{"href":"https:\/\/www.clubhipico.cl\/entretenimiento\/wp-json\/wp\/v2\/media?parent=25"}],"curies":[{"name":"wp","href":"https:\/\/api.w.org\/{rel}","templated":true}]}}