

{"id":639,"date":"2019-11-20T10:54:18","date_gmt":"2019-11-20T13:54:18","guid":{"rendered":"https:\/\/clubhipico.cl\/eventos\/?page_id=639"},"modified":"2026-03-16T16:47:57","modified_gmt":"2026-03-16T19:47:57","slug":"tipos-de-eventos","status":"publish","type":"page","link":"https:\/\/www.clubhipico.cl\/eventos\/tipos-de-eventos\/","title":{"rendered":"Tipos de Eventos"},"content":{"rendered":"","protected":false},"excerpt":{"rendered":"","protected":false},"author":1,"featured_media":0,"parent":0,"menu_order":0,"comment_status":"closed","ping_status":"closed","template":"eventos\/page-tipo-de-eventos.php","meta":{"_acf_changed":false,"footnotes":""},"class_list":["post-639","page","type-page","status-publish","hentry"],"acf":[],"yoast_head":"<!-- This site is optimized with the Yoast SEO Premium plugin v19.0.1 (Yoast SEO v26.6) - https:\/\/yoast.com\/wordpress\/plugins\/seo\/ -->\n<title>Tipos de Eventos - Club H\u00edpico de Santiago<\/title>\n<meta name=\"description\" content=\"Club H\u00edpico tiene los espacios que buscas para celebrar los mejores eventos y tener los momentos m\u00e1s memorables.\" \/>\n<meta name=\"robots\" content=\"index, follow, max-snippet:-1, max-image-preview:large, max-video-preview:-1\" \/>\n<link rel=\"canonical\" href=\"https:\/\/www.clubhipico.cl\/eventos\/tipos-de-eventos\/\" \/>\n<meta property=\"og:locale\" content=\"es_ES\" \/>\n<meta property=\"og:type\" content=\"article\" \/>\n<meta property=\"og:title\" content=\"Tipos de Eventos\" \/>\n<meta property=\"og:description\" content=\"Club H\u00edpico tiene los espacios que buscas para celebrar los mejores eventos y tener los momentos m\u00e1s memorables.\" \/>\n<meta property=\"og:url\" content=\"https:\/\/www.clubhipico.cl\/eventos\/tipos-de-eventos\/\" \/>\n<meta property=\"og:site_name\" content=\"Club H\u00edpico de Santiago\" \/>\n<meta property=\"article:modified_time\" content=\"2026-03-16T19:47:57+00:00\" \/>\n<meta name=\"twitter:card\" content=\"summary_large_image\" \/>\n<script type=\"application\/ld+json\" class=\"yoast-schema-graph\">{\"@context\":\"https:\/\/schema.org\",\"@graph\":[{\"@type\":\"WebPage\",\"@id\":\"https:\/\/www.clubhipico.cl\/eventos\/tipos-de-eventos\/\",\"url\":\"https:\/\/www.clubhipico.cl\/eventos\/tipos-de-eventos\/\",\"name\":\"Tipos de Eventos - Club H\u00edpico de Santiago\",\"isPartOf\":{\"@id\":\"https:\/\/www.clubhipico.cl\/eventos\/#website\"},\"datePublished\":\"2019-11-20T13:54:18+00:00\",\"dateModified\":\"2026-03-16T19:47:57+00:00\",\"description\":\"Club H\u00edpico tiene los espacios que buscas para celebrar los mejores eventos y tener los momentos m\u00e1s memorables.\",\"inLanguage\":\"es\",\"potentialAction\":[{\"@type\":\"ReadAction\",\"target\":[\"https:\/\/www.clubhipico.cl\/eventos\/tipos-de-eventos\/\"]}]},{\"@type\":\"WebSite\",\"@id\":\"https:\/\/www.clubhipico.cl\/eventos\/#website\",\"url\":\"https:\/\/www.clubhipico.cl\/eventos\/\",\"name\":\"Club H\u00edpico de Santiago\",\"description\":\"Otro sitio m\u00e1s de CHS sitios\",\"potentialAction\":[{\"@type\":\"SearchAction\",\"target\":{\"@type\":\"EntryPoint\",\"urlTemplate\":\"https:\/\/www.clubhipico.cl\/eventos\/?s={search_term_string}\"},\"query-input\":{\"@type\":\"PropertyValueSpecification\",\"valueRequired\":true,\"valueName\":\"search_term_string\"}}],\"inLanguage\":\"es\"}]}<\/script>\n<!-- \/ Yoast SEO Premium plugin. -->","yoast_head_json":{"title":"Tipos de Eventos - Club H\u00edpico de Santiago","description":"Club H\u00edpico tiene los espacios que buscas para celebrar los mejores eventos y tener los momentos m\u00e1s memorables.","robots":{"index":"index","follow":"follow","max-snippet":"max-snippet:-1","max-image-preview":"max-image-preview:large","max-video-preview":"max-video-preview:-1"},"canonical":"https:\/\/www.clubhipico.cl\/eventos\/tipos-de-eventos\/","og_locale":"es_ES","og_type":"article","og_title":"Tipos de Eventos","og_description":"Club H\u00edpico tiene los espacios que buscas para celebrar los mejores eventos y tener los momentos m\u00e1s memorables.","og_url":"https:\/\/www.clubhipico.cl\/eventos\/tipos-de-eventos\/","og_site_name":"Club H\u00edpico de Santiago","article_modified_time":"2026-03-16T19:47:57+00:00","twitter_card":"summary_large_image","schema":{"@context":"https:\/\/schema.org","@graph":[{"@type":"WebPage","@id":"https:\/\/www.clubhipico.cl\/eventos\/tipos-de-eventos\/","url":"https:\/\/www.clubhipico.cl\/eventos\/tipos-de-eventos\/","name":"Tipos de Eventos - Club H\u00edpico de Santiago","isPartOf":{"@id":"https:\/\/www.clubhipico.cl\/eventos\/#website"},"datePublished":"2019-11-20T13:54:18+00:00","dateModified":"2026-03-16T19:47:57+00:00","description":"Club H\u00edpico tiene los espacios que buscas para celebrar los mejores eventos y tener los momentos m\u00e1s memorables.","inLanguage":"es","potentialAction":[{"@type":"ReadAction","target":["https:\/\/www.clubhipico.cl\/eventos\/tipos-de-eventos\/"]}]},{"@type":"WebSite","@id":"https:\/\/www.clubhipico.cl\/eventos\/#website","url":"https:\/\/www.clubhipico.cl\/eventos\/","name":"Club H\u00edpico de Santiago","description":"Otro sitio m\u00e1s de CHS sitios","potentialAction":[{"@type":"SearchAction","target":{"@type":"EntryPoint","urlTemplate":"https:\/\/www.clubhipico.cl\/eventos\/?s={search_term_string}"},"query-input":{"@type":"PropertyValueSpecification","valueRequired":true,"valueName":"search_term_string"}}],"inLanguage":"es"}]}},"_links":{"self":[{"href":"https:\/\/www.clubhipico.cl\/eventos\/wp-json\/wp\/v2\/pages\/639","targetHints":{"allow":["GET"]}}],"collection":[{"href":"https:\/\/www.clubhipico.cl\/eventos\/wp-json\/wp\/v2\/pages"}],"about":[{"href":"https:\/\/www.clubhipico.cl\/eventos\/wp-json\/wp\/v2\/types\/page"}],"author":[{"embeddable":true,"href":"https:\/\/www.clubhipico.cl\/eventos\/wp-json\/wp\/v2\/users\/1"}],"replies":[{"embeddable":true,"href":"https:\/\/www.clubhipico.cl\/eventos\/wp-json\/wp\/v2\/comments?post=639"}],"version-history":[{"count":30,"href":"https:\/\/www.clubhipico.cl\/eventos\/wp-json\/wp\/v2\/pages\/639\/revisions"}],"predecessor-version":[{"id":2516,"href":"https:\/\/www.clubhipico.cl\/eventos\/wp-json\/wp\/v2\/pages\/639\/revisions\/2516"}],"wp:attachment":[{"href":"https:\/\/www.clubhipico.cl\/eventos\/wp-json\/wp\/v2\/media?parent=639"}],"curies":[{"name":"wp","href":"https:\/\/api.w.org\/{rel}","templated":true}]}}