

{"id":43,"date":"2019-09-23T20:44:17","date_gmt":"2019-09-23T18:44:17","guid":{"rendered":"https:\/\/clubhipico.cl\/sala-prensa\/?page_id=43"},"modified":"2022-10-26T12:02:56","modified_gmt":"2022-10-26T15:02:56","slug":"sala-de-prensa-club-hipico","status":"publish","type":"page","link":"https:\/\/www.clubhipico.cl","title":{"rendered":"Sala de Prensa Club H\u00edpico"},"content":{"rendered":"","protected":false},"excerpt":{"rendered":"","protected":false},"author":1,"featured_media":0,"parent":0,"menu_order":0,"comment_status":"closed","ping_status":"closed","template":"sala-prensa\/page-sala-prensa.php","meta":{"_acf_changed":false,"footnotes":""},"class_list":["post-43","page","type-page","status-publish","hentry"],"acf":[],"yoast_head":"<!-- This site is optimized with the Yoast SEO Premium plugin v19.0.1 (Yoast SEO v26.6) - https:\/\/yoast.com\/wordpress\/plugins\/seo\/ -->\n<title>Sala de Prensa Club H\u00edpico - Informaci\u00f3n y Materiales de Prensa<\/title>\n<meta name=\"description\" content=\"Sala De Prensa Club H\u00edpico - Descarga materiales de prensa, programas y resultados adem\u00e1s de ver todas las noticias de nuestras jornadas.\" \/>\n<meta name=\"robots\" content=\"index, follow, max-snippet:-1, max-image-preview:large, max-video-preview:-1\" \/>\n<link rel=\"canonical\" href=\"https:\/\/www.clubhipico.cl\/sala-prensa\/\" \/>\n<meta property=\"og:locale\" content=\"es_ES\" \/>\n<meta property=\"og:type\" content=\"article\" \/>\n<meta property=\"og:title\" content=\"Sala de Prensa Club H\u00edpico\" \/>\n<meta property=\"og:description\" content=\"Sala De Prensa Club H\u00edpico - Descarga materiales de prensa, programas y resultados adem\u00e1s de ver todas las noticias de nuestras jornadas.\" \/>\n<meta property=\"og:url\" content=\"https:\/\/www.clubhipico.cl\/sala-prensa\/\" \/>\n<meta property=\"og:site_name\" content=\"Club H\u00edpico de Santiago\" \/>\n<meta property=\"article:publisher\" content=\"https:\/\/www.facebook.com\/ClubHipicoSantiago\" \/>\n<meta property=\"article:modified_time\" content=\"2022-10-26T15:02:56+00:00\" \/>\n<meta name=\"twitter:card\" content=\"summary_large_image\" \/>\n<meta name=\"twitter:site\" content=\"@ClubHipico_Stgo\" \/>\n<script type=\"application\/ld+json\" class=\"yoast-schema-graph\">{\"@context\":\"https:\/\/schema.org\",\"@graph\":[{\"@type\":\"WebPage\",\"@id\":\"https:\/\/www.clubhipico.cl\/sala-prensa\/\",\"url\":\"https:\/\/www.clubhipico.cl\/sala-prensa\/\",\"name\":\"Sala de Prensa Club H\u00edpico - Informaci\u00f3n y Materiales de Prensa\",\"isPartOf\":{\"@id\":\"https:\/\/www.clubhipico.cl\/sala-prensa\/#website\"},\"datePublished\":\"2019-09-23T18:44:17+00:00\",\"dateModified\":\"2022-10-26T15:02:56+00:00\",\"description\":\"Sala De Prensa Club H\u00edpico - Descarga materiales de prensa, programas y resultados adem\u00e1s de ver todas las noticias de nuestras jornadas.\",\"inLanguage\":\"es\",\"potentialAction\":[{\"@type\":\"ReadAction\",\"target\":[\"https:\/\/www.clubhipico.cl\/sala-prensa\/\"]}]},{\"@type\":\"WebSite\",\"@id\":\"https:\/\/www.clubhipico.cl\/sala-prensa\/#website\",\"url\":\"https:\/\/www.clubhipico.cl\/sala-prensa\/\",\"name\":\"Club H\u00edpico de Santiago\",\"description\":\"Otro sitio m\u00e1s de CHS sitios\",\"publisher\":{\"@id\":\"https:\/\/www.clubhipico.cl\/sala-prensa\/#organization\"},\"potentialAction\":[{\"@type\":\"SearchAction\",\"target\":{\"@type\":\"EntryPoint\",\"urlTemplate\":\"https:\/\/www.clubhipico.cl\/sala-prensa\/?s={search_term_string}\"},\"query-input\":{\"@type\":\"PropertyValueSpecification\",\"valueRequired\":true,\"valueName\":\"search_term_string\"}}],\"inLanguage\":\"es\"},{\"@type\":\"Organization\",\"@id\":\"https:\/\/www.clubhipico.cl\/sala-prensa\/#organization\",\"name\":\"Club Hipico de Santiago\",\"url\":\"https:\/\/www.clubhipico.cl\/sala-prensa\/\",\"logo\":{\"@type\":\"ImageObject\",\"inLanguage\":\"es\",\"@id\":\"https:\/\/www.clubhipico.cl\/sala-prensa\/#\/schema\/logo\/image\/\",\"url\":\"https:\/\/www.clubhipico.cl\/sala-prensa\/wp-content\/uploads\/sites\/5\/2022\/08\/LOGO-VERTICAL-VERDE.jpg\",\"contentUrl\":\"https:\/\/www.clubhipico.cl\/sala-prensa\/wp-content\/uploads\/sites\/5\/2022\/08\/LOGO-VERTICAL-VERDE.jpg\",\"width\":857,\"height\":597,\"caption\":\"Club Hipico de Santiago\"},\"image\":{\"@id\":\"https:\/\/www.clubhipico.cl\/sala-prensa\/#\/schema\/logo\/image\/\"},\"sameAs\":[\"https:\/\/www.facebook.com\/ClubHipicoSantiago\",\"https:\/\/x.com\/ClubHipico_Stgo\",\"https:\/\/www.instagram.com\/clubhipico_stgo\/\",\"https:\/\/www.youtube.com\/user\/ClubHipicoSantiago\",\"https:\/\/www.linkedin.com\/company\/16160230\/admin\/\"]}]}<\/script>\n<!-- \/ Yoast SEO Premium plugin. -->","yoast_head_json":{"title":"Sala de Prensa Club H\u00edpico - Informaci\u00f3n y Materiales de Prensa","description":"Sala De Prensa Club H\u00edpico - Descarga materiales de prensa, programas y resultados adem\u00e1s de ver todas las noticias de nuestras jornadas.","robots":{"index":"index","follow":"follow","max-snippet":"max-snippet:-1","max-image-preview":"max-image-preview:large","max-video-preview":"max-video-preview:-1"},"canonical":"https:\/\/www.clubhipico.cl\/sala-prensa\/","og_locale":"es_ES","og_type":"article","og_title":"Sala de Prensa Club H\u00edpico","og_description":"Sala De Prensa Club H\u00edpico - Descarga materiales de prensa, programas y resultados adem\u00e1s de ver todas las noticias de nuestras jornadas.","og_url":"https:\/\/www.clubhipico.cl\/sala-prensa\/","og_site_name":"Club H\u00edpico de Santiago","article_publisher":"https:\/\/www.facebook.com\/ClubHipicoSantiago","article_modified_time":"2022-10-26T15:02:56+00:00","twitter_card":"summary_large_image","twitter_site":"@ClubHipico_Stgo","schema":{"@context":"https:\/\/schema.org","@graph":[{"@type":"WebPage","@id":"https:\/\/www.clubhipico.cl\/sala-prensa\/","url":"https:\/\/www.clubhipico.cl\/sala-prensa\/","name":"Sala de Prensa Club H\u00edpico - Informaci\u00f3n y Materiales de Prensa","isPartOf":{"@id":"https:\/\/www.clubhipico.cl\/sala-prensa\/#website"},"datePublished":"2019-09-23T18:44:17+00:00","dateModified":"2022-10-26T15:02:56+00:00","description":"Sala De Prensa Club H\u00edpico - Descarga materiales de prensa, programas y resultados adem\u00e1s de ver todas las noticias de nuestras jornadas.","inLanguage":"es","potentialAction":[{"@type":"ReadAction","target":["https:\/\/www.clubhipico.cl\/sala-prensa\/"]}]},{"@type":"WebSite","@id":"https:\/\/www.clubhipico.cl\/sala-prensa\/#website","url":"https:\/\/www.clubhipico.cl\/sala-prensa\/","name":"Club H\u00edpico de Santiago","description":"Otro sitio m\u00e1s de CHS sitios","publisher":{"@id":"https:\/\/www.clubhipico.cl\/sala-prensa\/#organization"},"potentialAction":[{"@type":"SearchAction","target":{"@type":"EntryPoint","urlTemplate":"https:\/\/www.clubhipico.cl\/sala-prensa\/?s={search_term_string}"},"query-input":{"@type":"PropertyValueSpecification","valueRequired":true,"valueName":"search_term_string"}}],"inLanguage":"es"},{"@type":"Organization","@id":"https:\/\/www.clubhipico.cl\/sala-prensa\/#organization","name":"Club Hipico de Santiago","url":"https:\/\/www.clubhipico.cl\/sala-prensa\/","logo":{"@type":"ImageObject","inLanguage":"es","@id":"https:\/\/www.clubhipico.cl\/sala-prensa\/#\/schema\/logo\/image\/","url":"https:\/\/www.clubhipico.cl\/sala-prensa\/wp-content\/uploads\/sites\/5\/2022\/08\/LOGO-VERTICAL-VERDE.jpg","contentUrl":"https:\/\/www.clubhipico.cl\/sala-prensa\/wp-content\/uploads\/sites\/5\/2022\/08\/LOGO-VERTICAL-VERDE.jpg","width":857,"height":597,"caption":"Club Hipico de Santiago"},"image":{"@id":"https:\/\/www.clubhipico.cl\/sala-prensa\/#\/schema\/logo\/image\/"},"sameAs":["https:\/\/www.facebook.com\/ClubHipicoSantiago","https:\/\/x.com\/ClubHipico_Stgo","https:\/\/www.instagram.com\/clubhipico_stgo\/","https:\/\/www.youtube.com\/user\/ClubHipicoSantiago","https:\/\/www.linkedin.com\/company\/16160230\/admin\/"]}]}},"_links":{"self":[{"href":"https:\/\/www.clubhipico.cl\/sala-prensa\/wp-json\/wp\/v2\/pages\/43","targetHints":{"allow":["GET"]}}],"collection":[{"href":"https:\/\/www.clubhipico.cl\/sala-prensa\/wp-json\/wp\/v2\/pages"}],"about":[{"href":"https:\/\/www.clubhipico.cl\/sala-prensa\/wp-json\/wp\/v2\/types\/page"}],"author":[{"embeddable":true,"href":"https:\/\/www.clubhipico.cl\/sala-prensa\/wp-json\/wp\/v2\/users\/1"}],"replies":[{"embeddable":true,"href":"https:\/\/www.clubhipico.cl\/sala-prensa\/wp-json\/wp\/v2\/comments?post=43"}],"version-history":[{"count":14,"href":"https:\/\/www.clubhipico.cl\/sala-prensa\/wp-json\/wp\/v2\/pages\/43\/revisions"}],"predecessor-version":[{"id":1741,"href":"https:\/\/www.clubhipico.cl\/sala-prensa\/wp-json\/wp\/v2\/pages\/43\/revisions\/1741"}],"wp:attachment":[{"href":"https:\/\/www.clubhipico.cl\/sala-prensa\/wp-json\/wp\/v2\/media?parent=43"}],"curies":[{"name":"wp","href":"https:\/\/api.w.org\/{rel}","templated":true}]}}